{"id":3384,"date":"2020-02-22T21:22:54","date_gmt":"2020-02-22T20:22:54","guid":{"rendered":"http:\/\/dev.multiprojectmanagement.org\/?page_id=3384"},"modified":"2025-08-28T17:03:08","modified_gmt":"2025-08-28T15:03:08","slug":"impressum","status":"publish","type":"page","link":"https:\/\/multiprojectmanagement.org\/en\/home\/impressum\/","title":{"rendered":"Legal notice"},"content":{"rendered":"<div class=\"brz-root__container brz-reset-all\">\n<header id=\"dydeqlzvpudgvnhsamtvojvqjkmiwdtybfas\" data-uid=\"dydeqlzvpudgvnhsamtvojvqjkmiwdtybfas\" class=\"brz-section brz-section__header brz-css-advvj\">\n<div class=\"brz-section__menu-item brz-css-jwckw brz-css-vemvk\" data-custom-id=\"prntwnyyvfwsporphfovfintqmclpazmazps\">\n<div class=\"brz-bg\">\n<div class=\"brz-bg-color\"><\/div>\n<\/div>\n<div class=\"brz-container brz-css-ifdcp\">\n<div class=\"brz-row__container brz-css-smwcq\" data-custom-id=\"slhmgrkbpquutcaadqfbrfdswbpmahrwpwcg\">\n<div class=\"brz-bg\"><\/div>\n<div class=\"brz-row brz-css-apqqn brz-css-yizzg\">\n<div class=\"brz-columns brz-css-bmrsi brz-css-pilce\" data-custom-id=\"hfeeexfuxwkrncmvkfudvaldzeqzskbcmbec\">\n<div class=\"brz-bg\"><\/div>\n<div class=\"brz-column__items brz-css-ffrpw brz-css-ryudr\">\n<div class=\"brz-css-yjxkq brz-wrapper\">\n<div class=\"brz-menu__container brz-css-yxxql\" data-mmenu-id=\"#wmgjkcgxwkxkpfisbbijeasieusfqbdtolrm\" data-mmenu-position=\"position-left\" data-mmenu-title=\"Menu\" data-mmenu-stickytitle=\"on\" data-custom-id=\"lwmuthgrakldxgneswksfnhuntqxxmpqozzl\">\n<nav class=\"brz-menu brz-menu__preview brz-css-kcyff brz-css-xgxmx\">\n<ul class=\"brz-menu__ul\" data-menu-items-active=\"\">\n<li class=\"brz-menu__item\" data-menu-item-id=\"ed5ed18486f3c2109e83ec95d15c09f1\"><a class=\"brz-a menu-item menu-item-type-post_type menu-item-object-page\" href=\"https:\/\/multiprojectmanagement.org\/en\/about-us\/\" data-brz-link-type=\"external\" id><span class=\"brz-span\">STUDY<\/span><\/a><\/li>\n<li class=\"brz-menu__item\" data-menu-item-id=\"3ee72729a6d656022c7f343602c1ee9e\"><a class=\"brz-a menu-item menu-item-type-post_type menu-item-object-page\" href=\"https:\/\/multiprojectmanagement.org\/en\/konferenzen\/\" data-brz-link-type=\"external\" id><span class=\"brz-span\">CONFERENCE<\/span><\/a><\/li>\n<li class=\"brz-menu__item\" data-menu-item-id=\"c257925421d5478e4f54ab2885821021\"><a class=\"brz-a menu-item menu-item-type-post_type menu-item-object-page\" href=\"https:\/\/multiprojectmanagement.org\/en\/our-team\/\" data-brz-link-type=\"external\" id><span class=\"brz-span\">TEAM<\/span><\/a><\/li>\n<\/ul>\n<\/nav>\n<div class=\"brz-mm-menu__icon\">\n<\/div>\n<nav id=\"wmgjkcgxwkxkpfisbbijeasieusfqbdtolrm\" class=\"brz-menu brz-menu__mmenu brz-menu__preview brz-css-kcyff brz-css-xgxmx\">\n<ul class=\"brz-menu__ul\" data-menu-items-active=\"\">\n<li class=\"brz-mm-menu__item brz-mm-menu__item-empty\" data-menu-item-id=\"ed5ed18486f3c2109e83ec95d15c09f1\"><a class=\"brz-a menu-item menu-item-type-post_type menu-item-object-page\" href=\"https:\/\/multiprojectmanagement.org\/en\/about-us\/\" data-brz-link-type=\"external\" id><span class=\"brz-span\">STUDY<\/span><\/a><\/li>\n<li class=\"brz-mm-menu__item brz-mm-menu__item-empty\" data-menu-item-id=\"3ee72729a6d656022c7f343602c1ee9e\"><a class=\"brz-a menu-item menu-item-type-post_type menu-item-object-page\" href=\"https:\/\/multiprojectmanagement.org\/en\/konferenzen\/\" data-brz-link-type=\"external\" id><span class=\"brz-span\">CONFERENCE<\/span><\/a><\/li>\n<li class=\"brz-mm-menu__item brz-mm-menu__item-empty\" data-menu-item-id=\"c257925421d5478e4f54ab2885821021\"><a class=\"brz-a menu-item menu-item-type-post_type menu-item-object-page\" href=\"https:\/\/multiprojectmanagement.org\/en\/our-team\/\" data-brz-link-type=\"external\" id><span class=\"brz-span\">TEAM<\/span><\/a><\/li>\n<\/ul>\n<\/nav>\n<\/div>\n<\/div>\n<\/div>\n<\/div>\n<div class=\"brz-columns brz-css-bmrsi brz-css-ngzrf\" data-custom-id=\"ardcinukqfjwknkntlljzevdzqguegskczcv\">\n<div class=\"brz-bg\"><\/div>\n<div class=\"brz-column__items brz-css-ffrpw\">\n<div class=\"brz-css-yjxkq brz-wrapper\">\n<div class=\"brz-image brz-css-vvbwg\"><a class=\"brz-a\" href=\"https:\/\/multiprojectmanagement.org\/en\/\" data-brz-link-type=\"external\" id data-custom-id=\"kddisirtyeahvsyixcqrpurygfreytovjjlj\"><img decoding=\"async\" class=\"brz-img\" src=\"https:\/\/multiprojectmanagement.org\/wp-content\/uploads\/2022\/03\/Screenshot-Header-Website-Logo.png\" alt=\"\" loading=\"lazy\" \/><\/a><\/div>\n<\/div>\n<\/div>\n<\/div>\n<div class=\"brz-columns brz-css-bmrsi brz-css-kugxg\" data-custom-id=\"xgsbmfdccbuafctdiidjvudfdqtrswbiwntv\">\n<div class=\"brz-bg\"><\/div>\n<div class=\"brz-column__items brz-css-ffrpw brz-css-nesbh\">\n<div class=\"brz-css-yjxkq brz-wrapper\">\n<div class=\"brz-menu__container brz-css-yxxql\" data-mmenu-id=\"#tpbtguabfbcuvtivkcwcmugciqqfeizajyak\" data-mmenu-position=\"position-left\" data-mmenu-title=\"Menu\" data-mmenu-stickytitle=\"on\" data-custom-id=\"ifvenjczsqbzesuniccfvvepplnrwzwxshfl\">\n<nav class=\"brz-menu brz-menu__preview brz-css-kcyff brz-css-umpzf\">\n<ul class=\"brz-menu__ul\" data-menu-items-active=\"\">\n<li class=\"brz-menu__item\" data-menu-item-id=\"1f0e6202dcdcba2cca733e8decb5d530\"><a class=\"brz-a menu-item menu-item-type-post_type menu-item-object-page\" href=\"https:\/\/multiprojectmanagement.org\/en\/services\/\" data-brz-link-type=\"external\" id><span class=\"brz-span\">CONSULTING<\/span><\/a><\/li>\n<li class=\"brz-menu__item\" data-menu-item-id=\"25aa396bdbd6f107bf2fc996e4d15039\"><a class=\"brz-a menu-item menu-item-type-post_type menu-item-object-page\" href=\"https:\/\/multiprojectmanagement.org\/en\/news-events\/\" data-brz-link-type=\"external\" id><span class=\"brz-span\">CONTACT<\/span><\/a><\/li>\n<li class=\"brz-menu__item brz-menu__item-dropdown\" data-menu-item-id=\"6bf810680d8ffdf741c44d0ce0ead389\"><a class=\"brz-a menu-item menu-item-type-post_type menu-item-object-page\" href=\"https:\/\/multiprojectmanagement.org\/en\/contact\/\" data-brz-link-type=\"external\" id><span class=\"brz-span\">REGISTRATION<\/span><\/a>\n<ul data-settings=\"%7B%22mods%22%3A%7B%22desktop%22%3A%22horizontal%22%2C%22tablet%22%3A%22horizontal%22%2C%22mobile%22%3A%22horizontal%22%7D%2C%22placement%22%3A%7B%22desktop%22%3A%22bottom-start%22%2C%22tablet%22%3A%22bottom-start%22%2C%22mobile%22%3A%22bottom-start%22%7D%7D\" class=\"brz-menu__dropdown brz-menu__sub-menu\">\n<li class=\"brz-menu__item\" data-menu-item-id=\"3dd6585a942104f57f47411ee9903427\"><a class=\"brz-a menu-item menu-item-type-post_type menu-item-object-page\" href=\"https:\/\/multiprojectmanagement.org\/en\/contact\/\" data-brz-link-type=\"external\" id><span class=\"brz-span\">REGISTRATION FOR THE STUDY<\/span><\/a><\/li>\n<\/ul>\n<\/li>\n<\/ul>\n<\/nav>\n<div class=\"brz-mm-menu__icon\">\n<\/div>\n<nav id=\"tpbtguabfbcuvtivkcwcmugciqqfeizajyak\" class=\"brz-menu brz-menu__mmenu brz-menu--has-dropdown brz-menu__preview brz-css-kcyff brz-css-umpzf\">\n<ul class=\"brz-menu__ul\" data-menu-items-active=\"\">\n<li class=\"brz-mm-menu__item brz-mm-menu__item-empty\" data-menu-item-id=\"1f0e6202dcdcba2cca733e8decb5d530\"><a class=\"brz-a menu-item menu-item-type-post_type menu-item-object-page\" href=\"https:\/\/multiprojectmanagement.org\/en\/services\/\" data-brz-link-type=\"external\" id><span class=\"brz-span\">CONSULTING<\/span><\/a><\/li>\n<li class=\"brz-mm-menu__item brz-mm-menu__item-empty\" data-menu-item-id=\"25aa396bdbd6f107bf2fc996e4d15039\"><a class=\"brz-a menu-item menu-item-type-post_type menu-item-object-page\" href=\"https:\/\/multiprojectmanagement.org\/en\/news-events\/\" data-brz-link-type=\"external\" id><span class=\"brz-span\">CONTACT<\/span><\/a><\/li>\n<li class=\"brz-mm-menu__item brz-mm-menu__item-dropdown\" data-menu-item-id=\"6bf810680d8ffdf741c44d0ce0ead389\"><a class=\"brz-a menu-item menu-item-type-post_type menu-item-object-page\" href=\"https:\/\/multiprojectmanagement.org\/en\/contact\/\" data-brz-link-type=\"external\" id><span class=\"brz-span\">REGISTRATION<\/span><\/a>\n<ul class=\"brz-mm-menu__sub-menu brz-menu__ul--has-dropdown\">\n<li class=\"brz-mm-menu__item brz-mm-menu__item-empty\" data-menu-item-id=\"3dd6585a942104f57f47411ee9903427\"><a class=\"brz-a menu-item menu-item-type-post_type menu-item-object-page\" href=\"https:\/\/multiprojectmanagement.org\/en\/contact\/\" data-brz-link-type=\"external\" id><span class=\"brz-span\">REGISTRATION FOR THE STUDY<\/span><\/a><\/li>\n<\/ul>\n<\/li>\n<\/ul>\n<\/nav>\n<\/div>\n<\/div>\n<\/div>\n<\/div>\n<\/div>\n<\/div>\n<\/div>\n<\/div>\n<\/header>\n<section data-uid=\"ohmieirwufhselzymmagavbmtcpficwsawka\" id=\"ohmieirwufhselzymmagavbmtcpficwsawka\" class=\"brz-section brz-css-zmtct brz-css-nwoia\">\n<div class=\"brz-section__content brz-section--boxed brz-css-wkkks brz-css-dckam\" data-custom-id=\"sudjvyszsbwzrkajjcgvxuunzxotgzgtrsis\">\n<div class=\"brz-bg\">\n<div class=\"brz-bg-image brz-bg-image-parallax\"><\/div>\n<div class=\"brz-bg-color\"><\/div>\n<\/div>\n<div class=\"brz-container brz-css-nhkjh\">\n<div data-iteration-count=\"1\" class=\"brz-css-yjxkq brz-wrapper brz-animated brz-css-rzsvm brz-css-iaqds\">\n<div class=\"brz-rich-text brz-rich-text__custom brz-css-gflfq\" data-custom-id=\"bifxgkorscygroqwxvahbivnzbgkiebrffty\">\n<div>\n<h1 class=\"brz-css-kanhc\"><span class=\"brz-cp-color1\">Legal notice<\/span><\/h1>\n<\/div>\n<\/div>\n<\/div>\n<div class=\"brz-css-yjxkq brz-css-bdizr brz-wrapper\">\n<div class=\"brz-spacer brz-css-bjsrv brz-css-mzqpa\"><\/div>\n<\/div>\n<div data-iteration-count=\"1\" class=\"brz-css-yjxkq brz-css-wrhcs brz-wrapper brz-animated brz-css-ecoct brz-css-inzjt\">\n<div class=\"brz-rich-text brz-rich-text__custom brz-css-gflfq\" data-custom-id=\"fxuxjrgslurqcitngxzjqdbncetyntzbahzt\">\n<div>\n<p class=\"brz-css-bwqey\"><span class=\"brz-cp-color7\">This website is offered by: <\/span><\/p>\n<p class=\"brz-css-skoxb\"><span class=\"brz-cp-color7\"> <\/span><\/p>\n<p class=\"brz-css-hrsgk\"><span class=\"brz-cp-color7\">Technische Universit\u00e4t Darmstadt <\/span><\/p>\n<p class=\"brz-css-wgfie\"><span class=\"brz-cp-color7\">Prof. Dr.\u00a0Alexander Kock\u00a0<\/span><\/p>\n<p class=\"brz-css-wuiqh\"><span class=\"brz-cp-color7\">Hochschulstra\u00dfe 1<\/span><\/p>\n<p class=\"brz-css-seuqg\"><span class=\"brz-cp-color7\">64289 Darmstadt<\/span><\/p>\n<p class=\"brz-css-pnelp\"><span class=\"brz-cp-color7\">+49 6151 16-24 350<\/span><\/p>\n<p class=\"brz-css-tjepe\"><span class=\"brz-cp-color7\">kock@tim.tu-darmstadt.de <\/span><\/p>\n<p class=\"brz-css-dmpiq\"><span class=\"brz-cp-color7\"> <\/span><\/p>\n<p class=\"brz-css-myqga\"><span class=\"brz-cp-color7\">The Technische Universit\u00e4t Darmstadt is a public corporation with legal capacity according to \u00a7 1 Abs. 1 i.V.m. \u00a7 2 para. 1 no. 1 HHG (Hessian Higher Education Act of 14 December 2009, GVBl. I p. 666). Since the TU Darmstadt Act (Act on the Organizational Development of Darmstadt University of Technology of December 5, 2004, GVBl. I p. 382, in the version of December 14, 2009, GVBl. I p. 699) came into force, it has been an autonomous university of the State of Hesse. The Technische Universit\u00e4t Darmstadt is represented by its President Prof. Dr. Tanja Br\u00fchl.<\/span><\/p>\n<p class=\"brz-css-zqmwb\"><span class=\"brz-cp-color7\"> <\/span><\/p>\n<p class=\"brz-css-uhgpy\"><span class=\"brz-cp-color7\">The imprint of the Darmstadt University of Technology can be found at https:\/\/www.tu-darmstadt.de\/impressum\/. <\/span><\/p>\n<\/div>\n<\/div>\n<\/div>\n<div class=\"brz-css-yjxkq brz-css-bdizr brz-wrapper\">\n<div class=\"brz-spacer brz-css-bjsrv brz-css-nptrq\"><\/div>\n<\/div>\n<div class=\"brz-wrapper-clone brz-css-emhuu\">\n<div class=\"brz-d-xs-flex brz-flex-xs-wrap brz-css-qfssd brz-css-ifbpp\">\n<div class=\"brz-wrapper-clone__item brz-css-jngbo\" id=\"mqcpnjhsxtnejugpdtegvdseftevmfzhmqdx\"><a class=\"brz-a brz-btn brz-css-rsyku brz-css-jfzrn\" href=\"https:\/\/multiprojectmanagement.org\/en\/news-events\/\" data-brz-link-type=\"external\" id data-custom-id=\"mqcpnjhsxtnejugpdtegvdseftevmfzhmqdx\"><span class=\"brz-span brz-text__editor\">Questions?<\/span><\/a><\/div>\n<\/div>\n<\/div>\n<\/div>\n<\/div>\n<\/section>\n<\/div>\n<p><!-- version:1755147899 --><\/p>","protected":false},"excerpt":{"rendered":"<p>STUDIE KONFERENZEN TEAM STUDIE KONFERENZEN TEAM BERATUNG KONTAKT ANMELDUNG ANMELDUNG ZUR STUDIE BERATUNG KONTAKT ANMELDUNG ANMELDUNG ZUR STUDIE Impressum Diese Internetseite wird angeboten von: Technische Universit\u00e4t Darmstadt Prof. Dr.\u00a0Alexander Kock\u00a0 Hochschulstra\u00dfe 1 64289 Darmstadt +49 6151 16-24 350 kock@tim.tu-darmstadt.de Die Technische Universit\u00e4t Darmstadt ist eine rechtsf\u00e4hige K\u00f6rperschaft des \u00f6ffentlichen Rechts gem\u00e4\u00df \u00a7 1 Abs. 1&hellip; <a class=\"more-link\" href=\"https:\/\/multiprojectmanagement.org\/en\/home\/impressum\/\">Continue reading <span class=\"screen-reader-text\">Legal notice<\/span><\/a><\/p>","protected":false},"author":7,"featured_media":0,"parent":2736,"menu_order":0,"comment_status":"closed","ping_status":"closed","template":"brizy-blank-template.php","meta":{"footnotes":""},"class_list":["post-3384","page","type-page","status-publish","hentry","entry"],"_links":{"self":[{"href":"https:\/\/multiprojectmanagement.org\/en\/wp-json\/wp\/v2\/pages\/3384","targetHints":{"allow":["GET"]}}],"collection":[{"href":"https:\/\/multiprojectmanagement.org\/en\/wp-json\/wp\/v2\/pages"}],"about":[{"href":"https:\/\/multiprojectmanagement.org\/en\/wp-json\/wp\/v2\/types\/page"}],"author":[{"embeddable":true,"href":"https:\/\/multiprojectmanagement.org\/en\/wp-json\/wp\/v2\/users\/7"}],"replies":[{"embeddable":true,"href":"https:\/\/multiprojectmanagement.org\/en\/wp-json\/wp\/v2\/comments?post=3384"}],"version-history":[{"count":4,"href":"https:\/\/multiprojectmanagement.org\/en\/wp-json\/wp\/v2\/pages\/3384\/revisions"}],"predecessor-version":[{"id":10980,"href":"https:\/\/multiprojectmanagement.org\/en\/wp-json\/wp\/v2\/pages\/3384\/revisions\/10980"}],"up":[{"embeddable":true,"href":"https:\/\/multiprojectmanagement.org\/en\/wp-json\/wp\/v2\/pages\/2736"}],"wp:attachment":[{"href":"https:\/\/multiprojectmanagement.org\/en\/wp-json\/wp\/v2\/media?parent=3384"}],"curies":[{"name":"wp","href":"https:\/\/api.w.org\/{rel}","templated":true}]}}