{"id":2760,"date":"2018-07-09T09:46:48","date_gmt":"2018-07-09T07:46:48","guid":{"rendered":"http:\/\/dev.multiprojectmanagement.org\/?page_id=2760"},"modified":"2025-10-21T23:23:52","modified_gmt":"2025-10-21T21:23:52","slug":"contact","status":"publish","type":"page","link":"https:\/\/multiprojectmanagement.org\/en\/contact\/","title":{"rendered":"Anmeldung Studie"},"content":{"rendered":"<div class=\"brz brz-root__container brz-reset-all brz-root__container-page\" >\n<section id=\"ykqacwfubk_ykqacwfubk\" class=\"brz-section brz-css-10dmenf brz-css-199c6z0\">\n<div class=\"brz-section__content brz-section--boxed brz-css-wtav6i brz-css-18nyrd8\" data-brz-custom-id=\"qyqrhdedik\">\n<div class=\"brz-bg\">\n<div class=\"brz-bg-image\"><\/div>\n<div class=\"brz-bg-color\"><\/div>\n<\/div>\n<div class=\"brz-container brz-css-1j241uq brz-css-1u5flge\">\n<div id=\"\" class=\"brz-css-wo0tp3 brz-css-ljsejh brz-wrapper\">\n<div class=\"brz-rich-text brz-rich-text__custom brz-css-m215nr brz-css-t3prkf\" data-brz-custom-id=\"kpnxfbpirp\">\n<div data-brz-translate-text=\"1\">\n<h3 class=\"brz-fs-xs-38 brz-fs-sm-51 brz-fs-lg-50 brz-fw-xs-400 brz-fw-sm-400 brz-fw-lg-400 brz-ft-google brz-ff-lato brz-text-xs-center brz-text-lg-center brz-lh-lg-1_6 brz-lh-sm-undefined brz-lh-xs-1_3 brz-ls-lg-0 brz-ls-sm-undefined brz-ls-xs-0 brz-css-opYUt\" data-uniq-id=\"bwode\" data-generated-css=\"brz-css-lbqdr\"><span class=\"brz-cp-color8\">Registration for the 11th study<\/span><\/h3>\n<\/div>\n<\/div>\n<\/div>\n<div id=\"\" class=\"brz-css-wo0tp3 brz-css-11wg5l4 brz-wrapper\">\n<div class=\"brz-rich-text brz-rich-text__custom brz-css-m215nr brz-css-1tc0ha2\" data-brz-custom-id=\"pplqxxmlnl\">\n<div data-brz-translate-text=\"1\">\n<p class=\"brz-text-lg-center brz-text-xs-center brz-lh-lg-1_9 brz-lh-sm-im-undefined brz-lh-xs-im-1_6 brz-ls-lg-0 brz-ls-sm-im-undefined brz-ls-xs-im-0 brz-ff-montserrat brz-ft-google brz-fw-lg-300 brz-fw-sm-im-undefined brz-fw-xs-im-300 brz-fs-lg-18 brz-fs-sm-im-19 brz-fs-xs-im-17 brz-css-xMwDk\"><strong class=\"brz-cp-color5\">Would you like to evaluate the multi-project management performance of your company ? Register now and take advantage of the free individual MPM benchmarking option.<\/strong><\/p>\n<\/div>\n<\/div>\n<\/div>\n<div class=\"brz-row__container brz-css-1bqw9wf brz-css-sg8u9b\" data-brz-custom-id=\"dgfvvdetmvkgszdeogzotqynebfrxiwcookb\">\n<div class=\"brz-row brz-css-1qifrl8 brz-css-13w4j4a brz-css-q4zrz9\">\n<div class=\"brz-columns brz-css-1c7urln brz-css-nb3m6z\" data-brz-custom-id=\"xeafkiqdwxyqgmckunrxxfjrepbbfjicfdkr\">\n<div class=\"brz-column__items brz-css-gq6mpv brz-css-beb68p\"><\/div>\n<\/div>\n<div class=\"brz-columns brz-css-1c7urln brz-css-1fptej9\" data-brz-custom-id=\"crcpoqvzfrdamfmkbnvsztnlrrfkivfzbwcr\">\n<div class=\"brz-column__items brz-css-gq6mpv brz-css-1twg543\">\n<div id=\"\" class=\"brz-css-wo0tp3 brz-css-1asohax brz-wrapper\">\n<div class=\"brz-rich-text brz-rich-text__custom brz-css-m215nr brz-css-1apaeo9\" data-brz-custom-id=\"teoxhrupubpczycoqqcokuorxismublpbify\">\n<div data-brz-translate-text=\"1\">\n<p class=\"brz-mt-lg-0 brz-tp-paragraph brz-text-lg-justify brz-css-uTiR6\"><strong class=\"brz-cp-color8\">Important notice<\/strong><span class=\"brz-cp-color8\">: It is currently not possible to register via<\/span><strong class=\"brz-cp-color8\">&nbsp;Internet Explorer&nbsp;Browser<\/strong><span class=\"brz-cp-color8\"> . <\/span><\/p>\n<p class=\"brz-mt-lg-0 brz-tp-paragraph brz-text-lg-justify brz-css-pYSof\"><span class=\"brz-cp-color8\">Please use alternative browsers (e.g., Firefox, Chrome) or send us your registration by email to:&nbsp;<\/span><a class=\"link--external brz-cp-color8\" href=\"mailto:info@multiprojectmanagement.org\" data-brz-link-type=\"external\"><u>info@multiprojectmanagement.org<\/u><\/a><\/p>\n<\/div>\n<\/div>\n<\/div>\n<\/div>\n<\/div>\n<div class=\"brz-columns brz-css-1c7urln brz-css-zz1no6\" data-brz-custom-id=\"jcvssbrbvbbwkmsaeintbwlhkyesvhzvccaw\">\n<div class=\"brz-column__items brz-css-gq6mpv brz-css-1oljdhs\"><\/div>\n<\/div>\n<div class=\"brz-columns brz-css-1c7urln brz-css-yrqcg9\" data-brz-custom-id=\"kqeuvxxlwrpfexenkpvglkalfhnkecavapdr\">\n<div class=\"brz-column__items brz-css-gq6mpv brz-css-1cjzixg\"><\/div>\n<\/div>\n<\/div>\n<\/div>\n<div class=\"brz-row__container brz-css-1bqw9wf brz-css-1jzeu1l\" data-brz-custom-id=\"tcybnvunbn\">\n<div class=\"brz-row brz-css-1qifrl8 brz-css-13w4j4a brz-css-1ca4igp\">\n<div class=\"brz-columns brz-css-1c7urln brz-css-z8xyij\" data-brz-custom-id=\"qslctcovxs\">\n<div class=\"brz-column__items brz-css-gq6mpv brz-css-1nmpp54\">\n<div id=\"\" class=\"brz-css-wo0tp3 brz-css-4s7g3 brz-wrapper\">\n<div class=\"brz-forms brz-css-q80kbp brz-css-1ye5rhg\" data-brz-form-version=\"1\" data-brz-custom-id=\"vgwqetteec\">\n<form class=\"brz-form\" action=\"https:\/\/multiprojectmanagement.org\/wp-admin\/admin-ajax.php?nonce=962c81faaa&amp;action=brizy_submit_form\" novalidate=\"\" data-brz-form-id=\"vgwqetteec\" data-brz-project-id=\"00ae121be8e02e7b774e3c6735d5e83a\" data-brz-success=\"\" data-brz-error=\"\" data-brz-redirect=\"\" data-brz-translatable-default-success=\"Your email was sent successfully\" data-brz-translatable-default-error=\"Your email was not sent\" data-brz-translatable-default-empty=\"Please check your entry and try again\">\n<div class=\"brz-forms__fields brz-css-11z4s71 brz-css-1udmtmu\">\n<div class=\"brz-forms__item brz-css-15vjek2 brz-css-1jelgfq\">\n<div data-brz-label=\"Anrede*\">\n<div class=\"brz-control__select brz-control__select--bottom-left\">\n<div class=\"brz-control__select-current brz-control__select-current__input\">\n<div class=\"brz-control__select-option\" title=\"\" data-value=\"\">Title*<\/div>\n<p><svg class=\"brz-icon-svg align-[initial] brz-control__select--arrow\"><use href=\"\/wp-content\/plugins\/brizy\/public\/editor-build\/prod\/editor\/icons\/editor\/arrow-down.svg#brz_icon\"><\/use><\/svg><\/div>\n<div class=\"brz-control__select-options\">\n<div class=\"brz-scrollbar__wrapper\" style=\"position:relative;overflow:visible;width:auto;height:auto;min-height:0;max-height:156px\">\n<div style=\"position:relative;overflow:scroll;-webkit-overflow-scrolling:touch;margin-inline-end:0;margin-bottom:0;min-height:0;max-height:156px;margin-right:0\" class=\"brz-scrollbar__view\">\n<div class=\"brz-control__select-option\" title=\"\" data-value=\"\">Title*<\/div>\n<div class=\"brz-control__select-option\" title=\"\" data-value=\"Frau\">Ms\/Mrs<\/div>\n<div class=\"brz-control__select-option\" title=\"\" data-value=\"Herr\">Mr<\/div>\n<\/div>\n<div style=\"position:absolute;height:6px;display:none;inset-inline-end:2px;bottom:2px;left:2px;border-radius:3px\">\n<div class=\"brz-scrollColor__light\" style=\"position:relative;display:block;height:100%;border-radius:inherit\"><\/div>\n<\/div>\n<div style=\"position:absolute;width:6px;display:none;inset-inline-end:2px;bottom:2px;top:2px;border-radius:3px\">\n<div class=\"brz-scrollColor__light\" style=\"position:relative;display:block;width:100%;border-radius:inherit\"><\/div>\n<\/div>\n<\/div>\n<\/div>\n<p><input type=\"hidden\" id=\"qqemctckvc\" name=\"qqemctckvc\" placeholder=\"Title*\" required=\"\" data-brz-type=\"Select\" data-brz-label=\"Anrede*\"><\/div>\n<\/div>\n<\/div>\n<div class=\"brz-forms__item brz-css-15vjek2 brz-css-slgw85\"><input class=\"brz-input brz-forms__field\" id=\"ajnimesrwinzdegcyktdkplamfprbvmaljjh\" name=\"ajnimesrwinzdegcyktdkplamfprbvmaljjh\" placeholder=\"First name*\" required=\"\" data-brz-type=\"Text\" data-brz-label=\"Vorname*\"><\/div>\n<div class=\"brz-forms__item brz-css-15vjek2 brz-css-x0b99n\"><input class=\"brz-input brz-forms__field\" id=\"kcrwiprjucfmkoakogzzdxhhgarkzkftgwgd\" name=\"kcrwiprjucfmkoakogzzdxhhgarkzkftgwgd\" placeholder=\"Surname*\" required=\"\" data-brz-type=\"Text\" data-brz-label=\"Nachname*\"><\/div>\n<div class=\"brz-forms__item brz-css-15vjek2 brz-css-lpgmgg\"><input class=\"brz-input brz-forms__field\" id=\"uiexqbeiqnffsgxxzczzfioofaioeedxudzj\" name=\"uiexqbeiqnffsgxxzczzfioofaioeedxudzj\" placeholder=\"Company*\" required=\"\" data-brz-type=\"Text\" data-brz-label=\"Unternehmen*\"><\/div>\n<div class=\"brz-forms__item brz-css-15vjek2 brz-css-iwlj8w\"><input class=\"brz-input brz-forms__field\" id=\"mkuhpzlwafcyshhbnojqntgmsueqbprcjjlz\" name=\"mkuhpzlwafcyshhbnojqntgmsueqbprcjjlz\" placeholder=\"Position*\" required=\"\" data-brz-type=\"Text\" data-brz-label=\"Position*\"><\/div>\n<div class=\"brz-forms__item brz-css-15vjek2 brz-css-1ibiirl\"><input class=\"brz-input brz-forms__field\" id=\"ailsfqgvghkhweavuyofjwcpcihnmpkhnsjo\" name=\"ailsfqgvghkhweavuyofjwcpcihnmpkhnsjo\" placeholder=\"Emailadresse*\" required=\"\" data-brz-type=\"Text\" data-brz-label=\"Emailadresse*\"><\/div>\n<div class=\"brz-forms__item brz-css-15vjek2 brz-css-1uk8rr9\"><input class=\"brz-input brz-forms__field\" id=\"ryrqgpkzoyizahbfulmaeejfnszsvfruzwru\" name=\"ryrqgpkzoyizahbfulmaeejfnszsvfruzwru\" placeholder=\"Telephone number*\" required=\"\" data-brz-type=\"Text\" data-brz-label=\"Telefonnummer*\"><\/div>\n<div class=\"brz-forms__item brz-css-15vjek2 brz-css-1f7og4o\">\n<div data-brz-label=\"Ich m\u00f6chte an der 11. MPM-Studie teilnehmen*\">\n<div class=\"brz-control__select brz-control__select--bottom-left\">\n<div class=\"brz-control__select-current brz-control__select-current__input\">\n<div class=\"brz-control__select-option\" title=\"\" data-value=\"\">I would like to participate in the 11th MPM study*<\/div>\n<p><svg class=\"brz-icon-svg align-[initial] brz-control__select--arrow\"><use href=\"\/wp-content\/plugins\/brizy\/public\/editor-build\/prod\/editor\/icons\/editor\/arrow-down.svg#brz_icon\"><\/use><\/svg><\/div>\n<div class=\"brz-control__select-options\">\n<div class=\"brz-scrollbar__wrapper\" style=\"position:relative;overflow:visible;width:auto;height:auto;min-height:0;max-height:156px\">\n<div style=\"position:relative;overflow:scroll;-webkit-overflow-scrolling:touch;margin-inline-end:0;margin-bottom:0;min-height:0;max-height:156px;margin-right:0\" class=\"brz-scrollbar__view\">\n<div class=\"brz-control__select-option\" title=\"\" data-value=\"\">I would like to participate in the 11th MPM study*<\/div>\n<div class=\"brz-control__select-option\" title=\"\" data-value=\"Ja\">Yes<\/div>\n<div class=\"brz-control__select-option\" title=\"\" data-value=\"Nein\">No<\/div>\n<\/div>\n<div style=\"position:absolute;height:6px;display:none;inset-inline-end:2px;bottom:2px;left:2px;border-radius:3px\">\n<div class=\"brz-scrollColor__light\" style=\"position:relative;display:block;height:100%;border-radius:inherit\"><\/div>\n<\/div>\n<div style=\"position:absolute;width:6px;display:none;inset-inline-end:2px;bottom:2px;top:2px;border-radius:3px\">\n<div class=\"brz-scrollColor__light\" style=\"position:relative;display:block;width:100%;border-radius:inherit\"><\/div>\n<\/div>\n<\/div>\n<\/div>\n<p><input type=\"hidden\" id=\"couukhucwwaborgrjbrhhxwianulwuqgomkg\" name=\"couukhucwwaborgrjbrhhxwianulwuqgomkg\" placeholder=\"I would like to participate in the 11th MPM study*\" required=\"\" data-brz-type=\"Select\" data-brz-label=\"Ich m\u00f6chte an der 11. MPM-Studie teilnehmen*\"><\/div>\n<\/div>\n<\/div>\n<div class=\"brz-forms__item brz-css-15vjek2 brz-css-1626ab1\">\n<div data-brz-label=\"Ich habe bereits an fr\u00fcheren MPM-Studien teilgenommen*\">\n<div class=\"brz-control__select brz-control__select--bottom-left\">\n<div class=\"brz-control__select-current brz-control__select-current__input\">\n<div class=\"brz-control__select-option\" title=\"\" data-value=\"\">I have already participated in previous MPM studies*<\/div>\n<p><svg class=\"brz-icon-svg align-[initial] brz-control__select--arrow\"><use href=\"\/wp-content\/plugins\/brizy\/public\/editor-build\/prod\/editor\/icons\/editor\/arrow-down.svg#brz_icon\"><\/use><\/svg><\/div>\n<div class=\"brz-control__select-options\">\n<div class=\"brz-scrollbar__wrapper\" style=\"position:relative;overflow:visible;width:auto;height:auto;min-height:0;max-height:156px\">\n<div style=\"position:relative;overflow:scroll;-webkit-overflow-scrolling:touch;margin-inline-end:0;margin-bottom:0;min-height:0;max-height:156px;margin-right:0\" class=\"brz-scrollbar__view\">\n<div class=\"brz-control__select-option\" title=\"\" data-value=\"\">I have already participated in previous MPM studies*<\/div>\n<div class=\"brz-control__select-option\" title=\"\" data-value=\"Ja\">Yes<\/div>\n<div class=\"brz-control__select-option\" title=\"\" data-value=\"Nein\">No<\/div>\n<\/div>\n<div style=\"position:absolute;height:6px;display:none;inset-inline-end:2px;bottom:2px;left:2px;border-radius:3px\">\n<div class=\"brz-scrollColor__light\" style=\"position:relative;display:block;height:100%;border-radius:inherit\"><\/div>\n<\/div>\n<div style=\"position:absolute;width:6px;display:none;inset-inline-end:2px;bottom:2px;top:2px;border-radius:3px\">\n<div class=\"brz-scrollColor__light\" style=\"position:relative;display:block;width:100%;border-radius:inherit\"><\/div>\n<\/div>\n<\/div>\n<\/div>\n<p><input type=\"hidden\" id=\"cpfjjlwnpokaujnxvqijwgncoqborhqzcbat\" name=\"cpfjjlwnpokaujnxvqijwgncoqborhqzcbat\" placeholder=\"I have already participated in previous MPM studies*\" required=\"\" data-brz-type=\"Select\" data-brz-label=\"Ich habe bereits an fr\u00fcheren MPM-Studien teilgenommen*\"><\/div>\n<\/div>\n<\/div>\n<div class=\"brz-forms__item brz-css-15vjek2 brz-css-yiujlf\">\n<div data-brz-label=\"Wie haben Sie von der MPM-Studie erfahren?*\">\n<div class=\"brz-control__select brz-control__select--bottom-left\">\n<div class=\"brz-control__select-current brz-control__select-current__input\">\n<div class=\"brz-control__select-option\" title=\"\" data-value=\"\">How did you hear about the MPM study?<\/div>\n<p><svg class=\"brz-icon-svg align-[initial] brz-control__select--arrow\"><use href=\"\/wp-content\/plugins\/brizy\/public\/editor-build\/prod\/editor\/icons\/editor\/arrow-down.svg#brz_icon\"><\/use><\/svg><\/div>\n<div class=\"brz-control__select-options\">\n<div class=\"brz-scrollbar__wrapper\" style=\"position:relative;overflow:visible;width:auto;height:auto;min-height:0;max-height:520px\">\n<div style=\"position:relative;overflow:scroll;-webkit-overflow-scrolling:touch;margin-inline-end:0;margin-bottom:0;min-height:0;max-height:520px;margin-right:0\" class=\"brz-scrollbar__view\">\n<div class=\"brz-control__select-option\" title=\"\" data-value=\"\">How did you hear about the MPM study?<\/div>\n<div class=\"brz-control__select-option\" title=\"\" data-value=\"Ehemalige Teilnahme\">Former participation<\/div>\n<div class=\"brz-control__select-option\" title=\"\" data-value=\"Kollegen\">Colleagues<\/div>\n<div class=\"brz-control__select-option\" title=\"\" data-value=\"Telefonische Kontaktaufnahme\">Contacted by telephone<\/div>\n<div class=\"brz-control__select-option\" title=\"\" data-value=\"Newsletter\">Newsletter<\/div>\n<div class=\"brz-control__select-option\" title=\"\" data-value=\"Homepage\">Website<\/div>\n<div class=\"brz-control__select-option\" title=\"\" data-value=\"LinkedIn\">LinkedIn<\/div>\n<div class=\"brz-control__select-option\" title=\"\" data-value=\"andere Soziale Medien\">other Social Media<\/div>\n<div class=\"brz-control__select-option\" title=\"\" data-value=\"Event (bitte nennen)\">Event (please specify)<\/div>\n<div class=\"brz-control__select-option\" title=\"\" data-value=\"Sonstiges (bitte nennen)\">Other (please specify)<\/div>\n<\/div>\n<div style=\"position:absolute;height:6px;display:none;inset-inline-end:2px;bottom:2px;left:2px;border-radius:3px\">\n<div class=\"brz-scrollColor__light\" style=\"position:relative;display:block;height:100%;border-radius:inherit\"><\/div>\n<\/div>\n<div style=\"position:absolute;width:6px;display:none;inset-inline-end:2px;bottom:2px;top:2px;border-radius:3px\">\n<div class=\"brz-scrollColor__light\" style=\"position:relative;display:block;width:100%;border-radius:inherit\"><\/div>\n<\/div>\n<\/div>\n<\/div>\n<p><input type=\"hidden\" id=\"rqayqbkmieipmikfmbcjrkrmmjhosykpeqbj\" name=\"rqayqbkmieipmikfmbcjrkrmmjhosykpeqbj\" placeholder=\"How did you hear about the MPM study?\" data-brz-type=\"Select\" data-brz-label=\"Wie haben Sie von der MPM-Studie erfahren?*\"><\/div>\n<\/div>\n<\/div>\n<div class=\"brz-forms__item brz-css-15vjek2 brz-css-k0yo80\"><textarea class=\"brz-textarea brz-forms__field\" id=\"iwupajyepx\" name=\"iwupajyepx\" placeholder=\"Ihre Nachricht...\" data-brz-type=\"Paragraph\" data-brz-label=\"Ihre Nachricht...\"><\/textarea><\/div>\n<\/div>\n<p><button class=\"brz-btn brz-btn-submit brz-css-158txvt brz-css-rxau1h\" data-brz-custom-id=\"tbpzwyxwfv\"><span data-brz-translate-text=\"1\" class=\"brz-span brz-text__editor\">Register<\/span><\/button><\/p>\n<div class=\"brz-g-recaptcha\" data-sitekey=\"\" data-size=\"invisible\" data-callback=\"brzFormV1Captcha\"><\/div>\n<\/form>\n<\/div>\n<\/div>\n<\/div>\n<\/div>\n<\/div>\n<\/div>\n<\/div>\n<\/div>\n<\/section><\/div>\n<p><!-- version:1761081832 --><\/p>","protected":false},"excerpt":{"rendered":"<p>Anmeldung zur 11. Studie Sie m\u00f6chten gerne die Multiprojektmanagement-Performance Ihres Unternehmens evaluieren lassen? Dann melden Sie sich jetzt an und nutzen Sie die kostenfreie M\u00f6glichkeit des individuellen MPM-Benchmarks. Wichtige Anmerkung: Eine Anmeldung \u00fcber den&nbsp;Internet Explorer&nbsp;Browser ist zurzeit nicht m\u00f6glich. Bitte verwenden Sie alternative Browser (Firefox, Chrome etc.) oder senden Sie uns Ihre Anmeldung gerne per&hellip; <a class=\"more-link\" href=\"https:\/\/multiprojectmanagement.org\/en\/contact\/\">Continue reading <span class=\"screen-reader-text\">Anmeldung Studie<\/span><\/a><\/p>","protected":false},"author":7,"featured_media":0,"parent":0,"menu_order":0,"comment_status":"closed","ping_status":"closed","template":"brizy-blank-template.php","meta":{"footnotes":""},"class_list":["post-2760","page","type-page","status-publish","hentry","entry"],"_links":{"self":[{"href":"https:\/\/multiprojectmanagement.org\/en\/wp-json\/wp\/v2\/pages\/2760","targetHints":{"allow":["GET"]}}],"collection":[{"href":"https:\/\/multiprojectmanagement.org\/en\/wp-json\/wp\/v2\/pages"}],"about":[{"href":"https:\/\/multiprojectmanagement.org\/en\/wp-json\/wp\/v2\/types\/page"}],"author":[{"embeddable":true,"href":"https:\/\/multiprojectmanagement.org\/en\/wp-json\/wp\/v2\/users\/7"}],"replies":[{"embeddable":true,"href":"https:\/\/multiprojectmanagement.org\/en\/wp-json\/wp\/v2\/comments?post=2760"}],"version-history":[{"count":30,"href":"https:\/\/multiprojectmanagement.org\/en\/wp-json\/wp\/v2\/pages\/2760\/revisions"}],"predecessor-version":[{"id":13239,"href":"https:\/\/multiprojectmanagement.org\/en\/wp-json\/wp\/v2\/pages\/2760\/revisions\/13239"}],"wp:attachment":[{"href":"https:\/\/multiprojectmanagement.org\/en\/wp-json\/wp\/v2\/media?parent=2760"}],"curies":[{"name":"wp","href":"https:\/\/api.w.org\/{rel}","templated":true}]}}