{"id":2756,"date":"2018-07-09T09:14:09","date_gmt":"2018-07-09T07:14:09","guid":{"rendered":"http:\/\/dev.multiprojectmanagement.org\/?page_id=2756"},"modified":"2025-08-28T11:05:21","modified_gmt":"2025-08-28T09:05:21","slug":"news-events","status":"publish","type":"page","link":"https:\/\/multiprojectmanagement.org\/en\/news-events\/","title":{"rendered":"Kontakt"},"content":{"rendered":"<div class=\"brz-root__container brz-reset-all\">\n<header id=\"dydeqlzvpudgvnhsamtvojvqjkmiwdtybfas\" data-uid=\"dydeqlzvpudgvnhsamtvojvqjkmiwdtybfas\" class=\"brz-section brz-section__header brz-css-nthxc\">\n<div class=\"brz-section__menu-item brz-css-vmelz brz-css-bjpse\" data-custom-id=\"prntwnyyvfwsporphfovfintqmclpazmazps\">\n<div class=\"brz-bg\">\n<div class=\"brz-bg-color\"><\/div>\n<\/div>\n<div class=\"brz-container brz-css-qzasv\">\n<div class=\"brz-row__container brz-css-ztwja\" data-custom-id=\"slhmgrkbpquutcaadqfbrfdswbpmahrwpwcg\">\n<div class=\"brz-bg\"><\/div>\n<div class=\"brz-row brz-css-zhrts brz-css-pfvyl\">\n<div class=\"brz-columns brz-css-bgxzk brz-css-ksyvx\" data-custom-id=\"hfeeexfuxwkrncmvkfudvaldzeqzskbcmbec\">\n<div class=\"brz-bg\"><\/div>\n<div class=\"brz-column__items brz-css-wkort brz-css-eyuml\">\n<div class=\"brz-css-kxwup brz-wrapper\">\n<div class=\"brz-menu__container brz-css-gksib\" data-mmenu-id=\"#sslnpyjfvnwgyvyjyeqnvfmrgmpqvjttpiqi\" data-mmenu-position=\"position-left\" data-mmenu-title=\"Menu\" data-mmenu-stickytitle=\"on\" data-custom-id=\"lwmuthgrakldxgneswksfnhuntqxxmpqozzl\">\n<nav class=\"brz-menu brz-menu__preview brz-css-cqbmi brz-css-vfszr\">\n<ul class=\"brz-menu__ul\" data-menu-items-active=\"\">\n<li class=\"brz-menu__item\" data-menu-item-id=\"ed5ed18486f3c2109e83ec95d15c09f1\"><a class=\"brz-a menu-item menu-item-type-post_type menu-item-object-page\" href=\"https:\/\/multiprojectmanagement.org\/en\/about-us\/\" data-brz-link-type=\"external\" id><span class=\"brz-span\">STUDY<\/span><\/a><\/li>\n<li class=\"brz-menu__item\" data-menu-item-id=\"3ee72729a6d656022c7f343602c1ee9e\"><a class=\"brz-a menu-item menu-item-type-post_type menu-item-object-page\" href=\"https:\/\/multiprojectmanagement.org\/en\/konferenzen\/\" data-brz-link-type=\"external\" id><span class=\"brz-span\">CONFERENCE<\/span><\/a><\/li>\n<li class=\"brz-menu__item\" data-menu-item-id=\"c257925421d5478e4f54ab2885821021\"><a class=\"brz-a menu-item menu-item-type-post_type menu-item-object-page\" href=\"https:\/\/multiprojectmanagement.org\/en\/our-team\/\" data-brz-link-type=\"external\" id><span class=\"brz-span\">TEAM<\/span><\/a><\/li>\n<\/ul>\n<\/nav>\n<div class=\"brz-mm-menu__icon\">\n<\/div>\n<nav id=\"sslnpyjfvnwgyvyjyeqnvfmrgmpqvjttpiqi\" class=\"brz-menu brz-menu__mmenu brz-menu__preview brz-css-cqbmi brz-css-vfszr\">\n<ul class=\"brz-menu__ul\" data-menu-items-active=\"\">\n<li class=\"brz-mm-menu__item brz-mm-menu__item-empty\" data-menu-item-id=\"ed5ed18486f3c2109e83ec95d15c09f1\"><a class=\"brz-a menu-item menu-item-type-post_type menu-item-object-page\" href=\"https:\/\/multiprojectmanagement.org\/en\/about-us\/\" data-brz-link-type=\"external\" id><span class=\"brz-span\">STUDY<\/span><\/a><\/li>\n<li class=\"brz-mm-menu__item brz-mm-menu__item-empty\" data-menu-item-id=\"3ee72729a6d656022c7f343602c1ee9e\"><a class=\"brz-a menu-item menu-item-type-post_type menu-item-object-page\" href=\"https:\/\/multiprojectmanagement.org\/en\/konferenzen\/\" data-brz-link-type=\"external\" id><span class=\"brz-span\">CONFERENCE<\/span><\/a><\/li>\n<li class=\"brz-mm-menu__item brz-mm-menu__item-empty\" data-menu-item-id=\"c257925421d5478e4f54ab2885821021\"><a class=\"brz-a menu-item menu-item-type-post_type menu-item-object-page\" href=\"https:\/\/multiprojectmanagement.org\/en\/our-team\/\" data-brz-link-type=\"external\" id><span class=\"brz-span\">TEAM<\/span><\/a><\/li>\n<\/ul>\n<\/nav>\n<\/div>\n<\/div>\n<\/div>\n<\/div>\n<div class=\"brz-columns brz-css-bgxzk brz-css-cgxsg\" data-custom-id=\"ardcinukqfjwknkntlljzevdzqguegskczcv\">\n<div class=\"brz-bg\"><\/div>\n<div class=\"brz-column__items brz-css-wkort\">\n<div class=\"brz-css-kxwup brz-wrapper\">\n<div class=\"brz-image brz-css-cidco\"><a class=\"brz-a\" href=\"https:\/\/multiprojectmanagement.org\/en\/\" data-brz-link-type=\"external\" id data-custom-id=\"kddisirtyeahvsyixcqrpurygfreytovjjlj\"><img decoding=\"async\" class=\"brz-img\" src=\"https:\/\/multiprojectmanagement.org\/wp-content\/uploads\/2022\/03\/Screenshot-Header-Website-Logo.png\" alt=\"\" loading=\"lazy\" \/><\/a><\/div>\n<\/div>\n<\/div>\n<\/div>\n<div class=\"brz-columns brz-css-bgxzk brz-css-dgmwy\" data-custom-id=\"xgsbmfdccbuafctdiidjvudfdqtrswbiwntv\">\n<div class=\"brz-bg\"><\/div>\n<div class=\"brz-column__items brz-css-wkort brz-css-xazoj\">\n<div class=\"brz-css-kxwup brz-wrapper\">\n<div class=\"brz-menu__container brz-css-gksib\" data-mmenu-id=\"#kjehbldykvqznwyhcydxlxdmujoydhslwslg\" data-mmenu-position=\"position-left\" data-mmenu-title=\"Menu\" data-mmenu-stickytitle=\"on\" data-custom-id=\"ifvenjczsqbzesuniccfvvepplnrwzwxshfl\">\n<nav class=\"brz-menu brz-menu__preview brz-css-cqbmi brz-css-zufcp\">\n<ul class=\"brz-menu__ul\" data-menu-items-active=\"25aa396bdbd6f107bf2fc996e4d15039\">\n<li class=\"brz-menu__item\" data-menu-item-id=\"1f0e6202dcdcba2cca733e8decb5d530\"><a class=\"brz-a menu-item menu-item-type-post_type menu-item-object-page\" href=\"https:\/\/multiprojectmanagement.org\/en\/services\/\" data-brz-link-type=\"external\" id><span class=\"brz-span\">CONSULTING<\/span><\/a><\/li>\n<li class=\"brz-menu__item brz-menu__item--current\" data-menu-item-id=\"25aa396bdbd6f107bf2fc996e4d15039\"><a class=\"brz-a menu-item menu-item-type-post_type menu-item-object-page current-menu-item page_item page-item-2756 current_page_item\" href=\"https:\/\/multiprojectmanagement.org\/en\/news-events\/\" data-brz-link-type=\"external\" id><span class=\"brz-span\">CONTACT<\/span><\/a><\/li>\n<li class=\"brz-menu__item brz-menu__item-dropdown\" data-menu-item-id=\"6bf810680d8ffdf741c44d0ce0ead389\"><a class=\"brz-a menu-item menu-item-type-post_type menu-item-object-page\" href=\"https:\/\/multiprojectmanagement.org\/en\/contact\/\" data-brz-link-type=\"external\" id><span class=\"brz-span\">REGISTRATION<\/span><\/a>\n<ul data-settings=\"%7B%22mods%22%3A%7B%22desktop%22%3A%22horizontal%22%2C%22tablet%22%3A%22horizontal%22%2C%22mobile%22%3A%22horizontal%22%7D%2C%22placement%22%3A%7B%22desktop%22%3A%22bottom-start%22%2C%22tablet%22%3A%22bottom-start%22%2C%22mobile%22%3A%22bottom-start%22%7D%7D\" class=\"brz-menu__dropdown brz-menu__sub-menu\">\n<li class=\"brz-menu__item\" data-menu-item-id=\"3dd6585a942104f57f47411ee9903427\"><a class=\"brz-a menu-item menu-item-type-post_type menu-item-object-page\" href=\"https:\/\/multiprojectmanagement.org\/en\/contact\/\" data-brz-link-type=\"external\" id><span class=\"brz-span\">REGISTRATION FOR THE STUDY<\/span><\/a><\/li>\n<\/ul>\n<\/li>\n<\/ul>\n<\/nav>\n<div class=\"brz-mm-menu__icon\">\n<\/div>\n<nav id=\"kjehbldykvqznwyhcydxlxdmujoydhslwslg\" class=\"brz-menu brz-menu__mmenu brz-menu--has-dropdown brz-menu__preview brz-css-cqbmi brz-css-zufcp\">\n<ul class=\"brz-menu__ul\" data-menu-items-active=\"25aa396bdbd6f107bf2fc996e4d15039\">\n<li class=\"brz-mm-menu__item brz-mm-menu__item-empty\" data-menu-item-id=\"1f0e6202dcdcba2cca733e8decb5d530\"><a class=\"brz-a menu-item menu-item-type-post_type menu-item-object-page\" href=\"https:\/\/multiprojectmanagement.org\/en\/services\/\" data-brz-link-type=\"external\" id><span class=\"brz-span\">CONSULTING<\/span><\/a><\/li>\n<li class=\"brz-mm-menu__item brz-mm-menu__item-empty brz-mm-menu__item--current\" data-menu-item-id=\"25aa396bdbd6f107bf2fc996e4d15039\"><a class=\"brz-a menu-item menu-item-type-post_type menu-item-object-page current-menu-item page_item page-item-2756 current_page_item\" href=\"https:\/\/multiprojectmanagement.org\/en\/news-events\/\" data-brz-link-type=\"external\" id><span class=\"brz-span\">CONTACT<\/span><\/a><\/li>\n<li class=\"brz-mm-menu__item brz-mm-menu__item-dropdown\" data-menu-item-id=\"6bf810680d8ffdf741c44d0ce0ead389\"><a class=\"brz-a menu-item menu-item-type-post_type menu-item-object-page\" href=\"https:\/\/multiprojectmanagement.org\/en\/contact\/\" data-brz-link-type=\"external\" id><span class=\"brz-span\">REGISTRATION<\/span><\/a>\n<ul class=\"brz-mm-menu__sub-menu brz-menu__ul--has-dropdown\">\n<li class=\"brz-mm-menu__item brz-mm-menu__item-empty\" data-menu-item-id=\"3dd6585a942104f57f47411ee9903427\"><a class=\"brz-a menu-item menu-item-type-post_type menu-item-object-page\" href=\"https:\/\/multiprojectmanagement.org\/en\/contact\/\" data-brz-link-type=\"external\" id><span class=\"brz-span\">REGISTRATION FOR THE STUDY<\/span><\/a><\/li>\n<\/ul>\n<\/li>\n<\/ul>\n<\/nav>\n<\/div>\n<\/div>\n<\/div>\n<\/div>\n<\/div>\n<\/div>\n<\/div>\n<\/div>\n<\/header>\n<section data-uid=\"hfmalojqdcdhhgvqegxzygslqcfrqwbrblpa\" id=\"hfmalojqdcdhhgvqegxzygslqcfrqwbrblpa\" class=\"brz-section brz-css-mzsqm\">\n<div class=\"brz-section__content brz-section--boxed brz-css-xfhfv brz-css-kzmwh\" data-custom-id=\"olpgrhgarqqhaorydshaeqdfvjuqwsewqejn\">\n<div class=\"brz-container brz-css-ptyjh\">\n<div class=\"brz-row__container brz-css-ztwja\" data-custom-id=\"ccvognocpsutorljdtolwjykqklyajornami\">\n<div class=\"brz-bg\"><\/div>\n<div class=\"brz-row brz-css-zhrts brz-css-rmwkr\">\n<div class=\"brz-columns brz-css-bgxzk brz-css-bytuo\" data-custom-id=\"rzkrqtljazuoqbecrafjdltluggkkkzzlibf\">\n<div class=\"brz-bg\"><\/div>\n<div class=\"brz-column__items brz-css-wkort\">\n<div class=\"brz-css-kxwup brz-wrapper\">\n<div class=\"brz-rich-text brz-rich-text__custom brz-css-zmbhe\" data-custom-id=\"yogubctgjhhuwrjopilkjiclxvxdhvlapagr\">\n<div>\n<h1 class=\"brz-css-ludaa\" data-generated-css=\"brz-css-hzxbz\" data-uniq-id=\"xzkum\"><strong class=\"brz-cp-color1\"> Contact form<\/strong><\/h1>\n<\/div>\n<\/div>\n<\/div>\n<div class=\"brz-row__container brz-css-ztwja\" data-custom-id=\"tiydpzzgfobobynzfwqzrdygkmxbxmncieyv\">\n<div class=\"brz-bg\"><\/div>\n<div class=\"brz-row brz-row--inner brz-css-zhrts\">\n<div class=\"brz-columns brz-css-bgxzk brz-css-hxjpx\" data-custom-id=\"ebrkdjtzboxqqxotulcwxktmwarsyfphmchv\">\n<div class=\"brz-bg\"><\/div>\n<div class=\"brz-column__items brz-css-wkort\">\n<div class=\"brz-css-kxwup brz-wrapper\">\n<div class=\"brz-rich-text brz-rich-text__custom brz-css-zmbhe\" data-custom-id=\"jlvyhwhorkpzilobkjnmisazfqlfywbtajmn\">\n<div>\n<p class=\"brz-css-wkezs\" data-uniq-id=\"xtwbl\" data-generated-css=\"brz-css-ejppb\"><strong class=\"brz-cp-color1\">Please do not hesitate to contact us if you have any questions about the study, are interested in an individual consulting offer or would like to contact us personally. Please use the forms to contact us. <\/strong><span class=\"brz-cp-color1\"> <\/span><\/p>\n<\/div>\n<\/div>\n<\/div>\n<\/div>\n<\/div>\n<\/div>\n<\/div>\n<div class=\"brz-row__container brz-css-ztwja\" data-custom-id=\"ayjycazvemsgrqquldbnnxiyqjmhxqlwigau\">\n<div class=\"brz-bg\"><\/div>\n<div class=\"brz-row brz-row--inner brz-css-zhrts brz-css-rmwkr\">\n<div class=\"brz-columns brz-css-bgxzk brz-css-yospj\" data-custom-id=\"tguvuyimtfaxllnigzfopnitvyhpqigeyghr\">\n<div class=\"brz-bg\"><\/div>\n<div class=\"brz-column__items brz-css-wkort brz-css-mzgfe\">\n<div class=\"brz-wrapper-clone brz-css-mybsi brz-css-xxaif\">\n<div class=\"brz-d-xs-flex brz-flex-xs-wrap brz-css-jydip\">\n<div class=\"brz-wrapper-clone__item brz-css-lrhvc\" id=\"rgimjwjnlnydgmekplbugeztobpdcdfzqamr\">\n<div id class=\"brz-icon__container\" data-custom-id=\"rgimjwjnlnydgmekplbugeztobpdcdfzqamr\"><span class=\"brz-icon brz-span brz-css-dqawt brz-css-kfeai\"><\/span><\/div>\n<\/div>\n<\/div>\n<\/div>\n<\/div>\n<\/div>\n<div class=\"brz-columns brz-css-bgxzk brz-css-bmzts\" data-custom-id=\"wenkxnlgvduytlqkosbyzlcfedzvnxrmklkz\">\n<div class=\"brz-bg\"><\/div>\n<div class=\"brz-column__items brz-css-wkort brz-css-kzgrh\">\n<div class=\"brz-css-kxwup brz-css-lrvdy brz-wrapper\">\n<div class=\"brz-rich-text brz-rich-text__custom brz-css-zmbhe\" data-custom-id=\"fxlrjpsqnalnbzkljlobxybrfndnzwegvqsn\">\n<div>\n<h4 class=\"brz-css-qjgcx\" data-uniq-id=\"aowbq\" data-generated-css=\"brz-css-iydzs\"><span class=\"brz-cp-color1\">Sie m\u00f6chten sich direkt f\u00fcr die <\/span><\/h4>\n<h4 class=\"brz-css-cmurr\" data-uniq-id=\"aowbq\" data-generated-css=\"brz-css-iydzs\"><span class=\"brz-cp-color1\">aktuelle Studie anmelden? <\/span><\/h4>\n<\/div>\n<\/div>\n<\/div>\n<div class=\"brz-wrapper-clone brz-css-mybsi brz-css-rrkle\">\n<div class=\"brz-d-xs-flex brz-flex-xs-wrap brz-css-jydip\">\n<div class=\"brz-wrapper-clone__item brz-css-lrhvc\" id=\"wzzrimfoxqprlntkkgabthasymqkxtfqeujf\"><a class=\"brz-a brz-btn brz-css-xgpwu brz-css-gykki\" href=\"https:\/\/multiprojectmanagement.org\/en\/contact\/\" data-brz-link-type=\"external\" id data-custom-id=\"wzzrimfoxqprlntkkgabthasymqkxtfqeujf\"><span class=\"brz-span brz-text__editor\">Registration<\/span><\/a><\/div>\n<\/div>\n<\/div>\n<\/div>\n<\/div>\n<\/div>\n<\/div>\n<div class=\"brz-row__container brz-css-ztwja\" data-custom-id=\"efuypwuiiwmeerzcamhdxdxchghczwlrumtd\">\n<div class=\"brz-bg\"><\/div>\n<div class=\"brz-row brz-row--inner brz-css-zhrts brz-css-rmwkr\">\n<div class=\"brz-columns brz-css-bgxzk brz-css-hhscv\" data-custom-id=\"cqufrlmvcaxfixbsquawvacpejmlwydpztrs\">\n<div class=\"brz-bg\"><\/div>\n<div class=\"brz-column__items brz-css-wkort brz-css-yqohe\">\n<div class=\"brz-wrapper-clone brz-css-mybsi brz-css-kqqhe\">\n<div class=\"brz-d-xs-flex brz-flex-xs-wrap brz-css-jydip\">\n<div class=\"brz-wrapper-clone__item brz-css-lrhvc\" id=\"myoklcycnpxpahdnvzaejuoyhhnalwxyhiqw\">\n<div id class=\"brz-icon__container\" data-custom-id=\"myoklcycnpxpahdnvzaejuoyhhnalwxyhiqw\"><span class=\"brz-icon brz-span brz-css-dqawt brz-css-xwigg\">   <\/span><\/div>\n<\/div>\n<\/div>\n<\/div>\n<\/div>\n<\/div>\n<div class=\"brz-columns brz-css-bgxzk brz-css-oxyuo\" data-custom-id=\"nkkztjfxfkatabhggxlxzqqdxsmwdpetwsvp\">\n<div class=\"brz-bg\">\n<div class=\"brz-bg-color\"><\/div>\n<\/div>\n<div class=\"brz-column__items brz-css-wkort brz-css-yyszk\">\n<div class=\"brz-css-kxwup brz-css-jkgnc brz-wrapper\">\n<div class=\"brz-rich-text brz-rich-text__custom brz-css-zmbhe\" data-custom-id=\"aapgurrqbpxfkpzpdhpacbytxfbawycwwenp\">\n<div>\n<h4 class=\"brz-css-plcle\" data-uniq-id=\"zltat\" data-generated-css=\"brz-css-kwcqa\"><span class=\"brz-cp-color1\">M\u00f6chten Sie \u00fcber zuk\u00fcnftige Neuigkeiten informiert werden?<\/span><\/h4>\n<\/div>\n<\/div>\n<\/div>\n<div class=\"brz-wrapper-clone brz-css-mybsi brz-css-urago\">\n<div class=\"brz-d-xs-flex brz-flex-xs-wrap brz-css-jydip\">\n<div class=\"brz-wrapper-clone__item brz-css-lrhvc\" id=\"vwkvmsgogxrlfmxptvpdifsdjbqhffmmtafb\"><a class=\"brz-a brz-btn brz-css-xgpwu brz-css-dgros\" href=\"https:\/\/multiprojectmanagement.org\/en\/anmeldungnewsletter\/\" data-brz-link-type=\"external\" id data-custom-id=\"vwkvmsgogxrlfmxptvpdifsdjbqhffmmtafb\"><span class=\"brz-span brz-text__editor\">\u00a0 \u00a0Newsletter\u00a0 \u00a0<\/span><\/a><\/div>\n<\/div>\n<\/div>\n<\/div>\n<\/div>\n<\/div>\n<\/div>\n<\/div>\n<\/div>\n<div class=\"brz-columns brz-css-bgxzk brz-css-qbbry\" data-custom-id=\"wilocwctpohnsspwlnrclkzdwsnqlfoztfor\">\n<div class=\"brz-bg\"><\/div>\n<div class=\"brz-column__items brz-css-wkort brz-css-qmdht\">\n<div class=\"brz-css-kxwup brz-css-llhvd brz-wrapper\">\n<div class=\"brz-forms css-5tf2r5\" data-form-version=\"1\" data-custom-id=\"yxrwvuoqimaqgullqfodlmwnypblybvlppje\">\n<div class=\"brz-forms__fields css-cjsx1x\">\n<div class=\"brz-forms__item css-11q47u1\">\n<div data-label=\"Anrede*\">\n<div class=\"brz-control__select brz-control__select--bottom-left\">\n<div class=\"brz-control__select-current brz-control__select-current__input\">\n<div class=\"brz-control__select-option\" title data-value>Title*<\/div>\n<\/div>\n<div class=\"brz-control__select-options\">\n<div class=\"brz-ed-scroll-pane brz-ed-scroll-pane\" style=\"height:156px\">\n<div class=\"brz-ed-scroll-inner\" style=\"height:156px\">\n<div class=\"brz-control__select-option\" title data-value>Title*<\/div>\n<div class=\"brz-control__select-option\" title data-value=\"Herr\">Mr<\/div>\n<div class=\"brz-control__select-option\" title data-value=\"Frau\">Ms\/Mrs<\/div>\n<\/div>\n<div class=\"brz-ed-wide-track\">\n<div class=\"brz-ed-wide-thumb\"><\/div>\n<\/div>\n<div class=\"brz-ed-tall-track\">\n<div class=\"brz-ed-tall-thumb\"><\/div>\n<\/div>\n<\/div>\n<\/div>\n<\/div>\n<\/div>\n<\/div>\n<div class=\"brz-forms__item css-11q47u1\"><\/div>\n<div class=\"brz-forms__item css-11q47u1\"><\/div>\n<div class=\"brz-forms__item css-11q47u1\"><\/div>\n<div class=\"brz-forms__item css-11q47u1\"><\/div>\n<div class=\"brz-forms__item css-11q47u1\"><\/div>\n<div class=\"brz-forms__item css-1d1ieyt\"><textarea class=\"brz-textarea brz-forms__field\" id=\"xmlyergsjfhwcgwnejuqnemhunmeotsleabk\" name=\"xmlyergsjfhwcgwnejuqnemhunmeotsleabk\" data-type=\"Paragraph\" data-label=\"Ihre Nachricht\"><\/textarea><\/div>\n<\/div>\n<p><button class=\"brz-btn brz-btn-submit brz-css-xgpwu brz-css-epxkb\" data-custom-id=\"kcuhfvzsfavaiwagdnyfyyqdjeieazkbdhkj\"><span class=\"brz-span brz-text__editor\">Nachricht senden<\/span><\/button><\/div>\n<\/div>\n<\/div>\n<\/div>\n<\/div>\n<\/div>\n<\/div>\n<\/div>\n<\/section>\n<section data-uid=\"okkttnsnlcuupdruqpfzbjwuqnqdjnkloupf\" id=\"okkttnsnlcuupdruqpfzbjwuqnqdjnkloupf\" class=\"brz-section brz-css-mzsqm\">\n<div class=\"brz-section__content brz-section--boxed brz-css-xfhfv brz-css-tyvyr\" data-custom-id=\"hdjqtrizczgqqdhvddzxwvblumbxwrocspec\">\n<div class=\"brz-container brz-css-ptyjh\">\n<div class=\"brz-row__container brz-css-ztwja\" data-custom-id=\"tktvqzdyhzedyjfqmpdbvsejwgdtdvinmrsh\">\n<div class=\"brz-bg\"><\/div>\n<div class=\"brz-row brz-css-zhrts brz-css-rmwkr\">\n<div class=\"brz-columns brz-css-bgxzk\" data-custom-id=\"mugvzaohmpjvtkzskznprmiuoitpavrcdosh\">\n<div class=\"brz-bg\"><\/div>\n<div class=\"brz-column__items brz-css-wkort\">\n<div class=\"brz-css-kxwup brz-wrapper\">\n<div class=\"brz-map brz-css-ydrpd\" data-custom-id=\"eduzfrkatpcbkesnhsjlergnomiftiubeczj\">\n<div class=\"brz-map-content\"><\/div>\n<\/div>\n<\/div>\n<\/div>\n<\/div>\n<div class=\"brz-columns brz-css-bgxzk\" data-custom-id=\"oyjymlqnvjerzkztcjwyocvupotpmgakuuvr\">\n<div class=\"brz-bg\"><\/div>\n<div class=\"brz-column__items brz-css-wkort\">\n<div class=\"brz-css-kxwup brz-wrapper\">\n<div class=\"brz-rich-text brz-rich-text__custom brz-css-zmbhe\" data-custom-id=\"pqpnsuevbcpjvkehbucyvnhaymyyywvtxlid\">\n<div>\n<h3 class=\"brz-css-hdutt\" data-uniq-id=\"xwdif\" data-generated-css=\"brz-css-dzcno\"><strong class=\"brz-cp-color7\"> Hier finden Sie uns:<\/strong><span class=\"brz-cp-color7\"> <\/span><\/h3>\n<\/div>\n<\/div>\n<\/div>\n<div class=\"brz-row__container brz-css-ztwja\" data-custom-id=\"jtivwukohcktlrbdjhfukqkjzvhbtlypnqhh\">\n<div class=\"brz-bg\"><\/div>\n<div class=\"brz-row brz-row--inner brz-css-zhrts\">\n<div class=\"brz-columns brz-css-bgxzk brz-css-bwoon\" data-custom-id=\"xguogyewlhlybabxntcbxwgukrzpwtcngtha\">\n<div class=\"brz-bg\"><\/div>\n<div class=\"brz-column__items brz-css-wkort\">\n<div class=\"brz-css-kxwup brz-wrapper\">\n<div class=\"brz-rich-text brz-rich-text__custom brz-css-zmbhe\" data-custom-id=\"pspfwjpaaznzmvjaajvclqpjnppckpfzpkxw\">\n<div>\n<p class=\"brz-css-tmezd\" data-generated-css=\"brz-css-bjsaa\" data-uniq-id=\"zcbry\">Technische Universit\u00e4t Darmstadt<\/p>\n<p class=\"brz-css-zdcex\" data-generated-css=\"brz-css-bdvdv\" data-uniq-id=\"ggusp\">FG Technologie- und Innovationmanagement<\/p>\n<p class=\"brz-css-tldya\" data-generated-css=\"brz-css-ancel\" data-uniq-id=\"vbjds\">Prof. Dr. Alexander Kock<\/p>\n<p class=\"brz-css-hpavb\" data-generated-css=\"brz-css-mdumb\" data-uniq-id=\"zcgki\">Hochschulstra\u00dfe 1, 64289 Darmstadt<\/p>\n<p class=\"brz-css-zgyfd\" data-generated-css=\"brz-css-bpdvz\" data-uniq-id=\"zalho\"><\/p>\n<\/div>\n<\/div>\n<\/div>\n<\/div>\n<\/div>\n<\/div>\n<\/div>\n<\/div>\n<\/div>\n<\/div>\n<\/div>\n<\/div>\n<\/div>\n<\/section>\n<\/div>\n<p><!-- version:1755095625 --><\/p>","protected":false},"excerpt":{"rendered":"<p>STUDIE KONFERENZEN TEAM STUDIE KONFERENZEN TEAM BERATUNG KONTAKT ANMELDUNG ANMELDUNG ZUR STUDIE BERATUNG KONTAKT ANMELDUNG ANMELDUNG ZUR STUDIE Kontaktformular Sie haben Fragen rund um die Studie, Interesse an einem individuellen Beratungsangebot oder m\u00f6chten gerne pers\u00f6nlichen Kontakt mit uns aufnehmen? Nutzen Sie die Formulare, um uns zu kontaktieren. Sie m\u00f6chten sich direkt f\u00fcr die aktuelle Studie&hellip; <a class=\"more-link\" href=\"https:\/\/multiprojectmanagement.org\/en\/news-events\/\">Continue reading <span class=\"screen-reader-text\">Kontakt<\/span><\/a><\/p>","protected":false},"author":7,"featured_media":0,"parent":0,"menu_order":0,"comment_status":"closed","ping_status":"closed","template":"brizy-blank-template.php","meta":{"footnotes":""},"class_list":["post-2756","page","type-page","status-publish","hentry","entry"],"_links":{"self":[{"href":"https:\/\/multiprojectmanagement.org\/en\/wp-json\/wp\/v2\/pages\/2756","targetHints":{"allow":["GET"]}}],"collection":[{"href":"https:\/\/multiprojectmanagement.org\/en\/wp-json\/wp\/v2\/pages"}],"about":[{"href":"https:\/\/multiprojectmanagement.org\/en\/wp-json\/wp\/v2\/types\/page"}],"author":[{"embeddable":true,"href":"https:\/\/multiprojectmanagement.org\/en\/wp-json\/wp\/v2\/users\/7"}],"replies":[{"embeddable":true,"href":"https:\/\/multiprojectmanagement.org\/en\/wp-json\/wp\/v2\/comments?post=2756"}],"version-history":[{"count":21,"href":"https:\/\/multiprojectmanagement.org\/en\/wp-json\/wp\/v2\/pages\/2756\/revisions"}],"predecessor-version":[{"id":12356,"href":"https:\/\/multiprojectmanagement.org\/en\/wp-json\/wp\/v2\/pages\/2756\/revisions\/12356"}],"wp:attachment":[{"href":"https:\/\/multiprojectmanagement.org\/en\/wp-json\/wp\/v2\/media?parent=2756"}],"curies":[{"name":"wp","href":"https:\/\/api.w.org\/{rel}","templated":true}]}}